{"id":2978,"date":"2024-12-12T16:33:50","date_gmt":"2024-12-12T16:33:50","guid":{"rendered":"https:\/\/buna.md\/?post_type=product&#038;p=2978"},"modified":"2026-03-01T20:34:57","modified_gmt":"2026-03-01T18:34:57","slug":"grissini","status":"publish","type":"product","link":"https:\/\/buna.md\/en\/product\/grissini\/","title":{"rendered":"Grissini"},"content":{"rendered":"<p><strong>Nutritional values (per 100 g):<\/strong><\/p>\n<ul>\n<li>Proteine \u2013 4,17 g<\/li>\n<li>Gr\u0103simi \u2013 18,57 g<\/li>\n<li>Carbohidra\u021bi \u2013 35,47 g<\/li>\n<li>Valoare energetic\u0103 \u2013 324,74 kcal<\/li>\n<\/ul>\n<p>&nbsp;<\/p>","protected":false},"excerpt":{"rendered":"<p>Be\u021bi\u0219oarele de p\u00e2ine sunt o gustare excelent\u0103 \u0219i s\u0103n\u0103toas\u0103.<\/p>","protected":false},"featured_media":7337,"menu_order":11,"comment_status":"open","ping_status":"closed","template":"","meta":{"_acf_changed":false},"product_brand":[],"product_cat":[28],"product_tag":[],"class_list":{"0":"post-2978","1":"product","2":"type-product","3":"status-publish","4":"has-post-thumbnail","6":"product_cat-paine","8":"first","9":"instock","10":"taxable","11":"shipping-taxable","12":"purchasable","13":"product-type-simple"},"acf":[],"_links":{"self":[{"href":"https:\/\/buna.md\/en\/wp-json\/wp\/v2\/product\/2978","targetHints":{"allow":["GET"]}}],"collection":[{"href":"https:\/\/buna.md\/en\/wp-json\/wp\/v2\/product"}],"about":[{"href":"https:\/\/buna.md\/en\/wp-json\/wp\/v2\/types\/product"}],"replies":[{"embeddable":true,"href":"https:\/\/buna.md\/en\/wp-json\/wp\/v2\/comments?post=2978"}],"wp:featuredmedia":[{"embeddable":true,"href":"https:\/\/buna.md\/en\/wp-json\/wp\/v2\/media\/7337"}],"wp:attachment":[{"href":"https:\/\/buna.md\/en\/wp-json\/wp\/v2\/media?parent=2978"}],"wp:term":[{"taxonomy":"product_brand","embeddable":true,"href":"https:\/\/buna.md\/en\/wp-json\/wp\/v2\/product_brand?post=2978"},{"taxonomy":"product_cat","embeddable":true,"href":"https:\/\/buna.md\/en\/wp-json\/wp\/v2\/product_cat?post=2978"},{"taxonomy":"product_tag","embeddable":true,"href":"https:\/\/buna.md\/en\/wp-json\/wp\/v2\/product_tag?post=2978"}],"curies":[{"name":"wp","href":"https:\/\/api.w.org\/{rel}","templated":true}]}}