{"id":8532,"date":"2026-03-01T20:00:11","date_gmt":"2026-03-01T18:00:11","guid":{"rendered":"https:\/\/buna.md\/?post_type=product&#038;p=8532"},"modified":"2026-03-01T20:55:57","modified_gmt":"2026-03-01T18:55:57","slug":"torta-napoleon","status":"publish","type":"product","link":"https:\/\/buna.md\/ru\/product\/torta-napoleon\/","title":{"rendered":"\u0422\u043e\u0440\u0442 \u041d\u0430\u043f\u043e\u043b\u0435\u043e\u043d"},"content":{"rendered":"<p>\u0421\u043e\u0441\u0442\u0430\u0432:<\/p>\n<p>F\u0103in\u0103 de orez, amidon de cartof, mei, lapte de migdale, crem\u0103 de cocos, eritritol, amidon de porumb, ulei de m\u0103sline, ulei de cocos, caju, xantan, \u00a0suc de l\u0103m\u00e2ie, ap\u0103, sare<\/p>","protected":false},"excerpt":{"rendered":"<p>Proteine \u2013 1,83 g<br \/>\nGr\u0103simi \u2013 6,8 g<br \/>\nCarbohidra\u021bi \u2013 31,69 g<br \/>\nValoare energetic\u0103 \u2013 191,96 kcal<\/p>","protected":false},"featured_media":8536,"menu_order":41,"comment_status":"open","ping_status":"closed","template":"","meta":{"_acf_changed":false},"product_brand":[],"product_cat":[171,89],"product_tag":[],"class_list":{"0":"post-8532","1":"product","2":"type-product","3":"status-publish","4":"has-post-thumbnail","6":"product_cat-toate","7":"product_cat-torturi","9":"first","10":"instock","11":"taxable","12":"shipping-taxable","13":"purchasable","14":"product-type-variable"},"acf":[],"_links":{"self":[{"href":"https:\/\/buna.md\/ru\/wp-json\/wp\/v2\/product\/8532","targetHints":{"allow":["GET"]}}],"collection":[{"href":"https:\/\/buna.md\/ru\/wp-json\/wp\/v2\/product"}],"about":[{"href":"https:\/\/buna.md\/ru\/wp-json\/wp\/v2\/types\/product"}],"replies":[{"embeddable":true,"href":"https:\/\/buna.md\/ru\/wp-json\/wp\/v2\/comments?post=8532"}],"wp:featuredmedia":[{"embeddable":true,"href":"https:\/\/buna.md\/ru\/wp-json\/wp\/v2\/media\/8536"}],"wp:attachment":[{"href":"https:\/\/buna.md\/ru\/wp-json\/wp\/v2\/media?parent=8532"}],"wp:term":[{"taxonomy":"product_brand","embeddable":true,"href":"https:\/\/buna.md\/ru\/wp-json\/wp\/v2\/product_brand?post=8532"},{"taxonomy":"product_cat","embeddable":true,"href":"https:\/\/buna.md\/ru\/wp-json\/wp\/v2\/product_cat?post=8532"},{"taxonomy":"product_tag","embeddable":true,"href":"https:\/\/buna.md\/ru\/wp-json\/wp\/v2\/product_tag?post=8532"}],"curies":[{"name":"wp","href":"https:\/\/api.w.org\/{rel}","templated":true}]}}